{"id":1146,"date":"2025-04-08T15:38:44","date_gmt":"2025-04-08T13:38:44","guid":{"rendered":"https:\/\/nssg122vrndev.wpenginepowered.com\/?page_id=1146"},"modified":"2025-11-19T15:44:46","modified_gmt":"2025-11-19T14:44:46","slug":"3d-print","status":"publish","type":"page","link":"https:\/\/www.vmcab.se\/no\/tjanster\/3d-print\/","title":{"rendered":"3D-utskrift"},"content":{"rendered":"<div class=\"gb-container gb-container-f7bcc957 bg-gradient\">\n<div class=\"gb-container gb-container-2ccc5a3a\">\n<div class=\"gb-container gb-container-3a6636a6\">\n\n<p class=\"gb-headline gb-headline-38050da8 gb-headline-text mht-subtitle\">3D-PRINT<\/p>\n\n\n\n<h1 class=\"gb-headline gb-headline-6d6448f7 gb-headline-text\">3D-utskrift<\/h1>\n\n\n<div class=\"gb-container gb-container-ed47acd0 no-marg-l\"><\/div>\n<\/div>\n<\/div>\n<\/div>\n\n<section class=\"mht-block mht-block-cta mht-block-cta-d4ea65aed2c55c70f1dada369c6be40d dynamic-height-cta\" style=\"margin-bottom:var(--mht-block-cta-section-margin-bottom)\">\n\n    \n<style id='mht-block-cta-d4ea65aed2c55c70f1dada369c6be40d-vars'>section.mht-block-cta-d4ea65aed2c55c70f1dada369c6be40d{--mht-block-cta-section-margin-bottom:160px;--mht-block-cta-image-grid-column:1\/span 5;--mht-block-cta-image-border-radius:var(--mht-general-border-radius, 4px);--mht-block-cta-texts-grid-column:6\/span 7;--mht-block-cta-texts-bg-color:rgb(255,255,255);--mht-block-cta-texts-padding-top:60px;--mht-block-cta-texts-padding-right:60px;--mht-block-cta-texts-padding-bottom:140px;--mht-block-cta-texts-padding-left:60px;--mht-block-cta-texts-border-radius:var(--mht-general-border-radius, 4px);--mht-block-cta-title-padding-right:calc(100% - 541px );--mht-block-cta-title-margin-bottom:24px;--mht-block-cta-desc-padding-right:calc(100% - 588px);--mht-block-cta-links-margin-top:46px}@media(max-width:991.98px){section.mht-block-cta-d4ea65aed2c55c70f1dada369c6be40d{--mht-block-cta-section-margin-bottom:140px;--mht-block-cta-content-row-gap:16px;--mht-block-cta-image-grid-column:1 \/ -1;--mht-block-cta-texts-grid-column:1 \/ -1;--mht-block-cta-texts-padding-top:46px;--mht-block-cta-texts-padding-right:24px;--mht-block-cta-texts-padding-bottom:100px;--mht-block-cta-texts-padding-left:24px;--mht-block-cta-title-padding-right:0;--mht-block-cta-title-margin-bottom:18px;--mht-block-cta-desc-padding-right:8px}}<\/style>\n\n    <div class=\"section-rich-bg rich-bg\">\n            <\/div>\n\n    <div class=\"container\">\n        <div class=\"section-content\">\n            <div class=\"section-content--inner mht-grid content-order-d-image_texts content-order-m-image_texts\" style=\"row-gap:var(--mht-block-cta-content-row-gap)\">\n\n                                    <figure class=\"cta--image\" style=\"grid-column:var(--mht-block-cta-image-grid-column);border-radius:var(--mht-block-cta-image-border-radius)\">\n                        <img loading=\"lazy\" decoding=\"async\" width=\"768\" height=\"811\" src=\"https:\/\/www.vmcab.se\/wp-content\/uploads\/2025\/11\/3D-matning-desk-768x811.webp\" class=\"display-d\" alt=\"\" srcset=\"https:\/\/www.vmcab.se\/wp-content\/uploads\/2025\/11\/3D-matning-desk-768x811.webp 768w, https:\/\/www.vmcab.se\/wp-content\/uploads\/2025\/11\/3D-matning-desk-284x300.webp 284w, https:\/\/www.vmcab.se\/wp-content\/uploads\/2025\/11\/3D-matning-desk-970x1024.webp 970w, https:\/\/www.vmcab.se\/wp-content\/uploads\/2025\/11\/3D-matning-desk-11x12.webp 11w, https:\/\/www.vmcab.se\/wp-content\/uploads\/2025\/11\/3D-matning-desk-575x607.webp 575w, https:\/\/www.vmcab.se\/wp-content\/uploads\/2025\/11\/3D-matning-desk.webp 1072w\" sizes=\"auto, (max-width: 768px) 100vw, 768px\" \/><img loading=\"lazy\" decoding=\"async\" width=\"575\" height=\"522\" src=\"https:\/\/www.vmcab.se\/wp-content\/uploads\/2025\/11\/3D-matning-mob-575x522.webp\" class=\"display-m\" alt=\"\" srcset=\"https:\/\/www.vmcab.se\/wp-content\/uploads\/2025\/11\/3D-matning-mob-575x522.webp 575w, https:\/\/www.vmcab.se\/wp-content\/uploads\/2025\/11\/3D-matning-mob-300x272.webp 300w, https:\/\/www.vmcab.se\/wp-content\/uploads\/2025\/11\/3D-matning-mob-13x12.webp 13w, https:\/\/www.vmcab.se\/wp-content\/uploads\/2025\/11\/3D-matning-mob.webp 716w\" sizes=\"auto, (max-width: 575px) 100vw, 575px\" \/>                    <\/figure><!-- .cta--image -->\n                \n                <div class=\"cta--texts\" style=\"grid-column:var(--mht-block-cta-texts-grid-column);background-color:var(--mht-block-cta-texts-bg-color);padding-top:var(--mht-block-cta-texts-padding-top);padding-right:var(--mht-block-cta-texts-padding-right);padding-bottom:var(--mht-block-cta-texts-padding-bottom);padding-left:var(--mht-block-cta-texts-padding-left);border-radius:var(--mht-block-cta-texts-border-radius)\">\n                    \n                                            <h2 class=\"cta--title mht-heading h3\" style=\"padding-right:var(--mht-block-cta-title-padding-right);margin-bottom:var(--mht-block-cta-title-margin-bottom)\">                            3D-utskrift med Flashforged Creator 3 Pro                        <\/h2>                    \n                                            <div class=\"cta--desc\" style=\"padding-right:var(--mht-block-cta-desc-padding-right)\">\n                            <p>I v\u00e5r 3D-skriver Flashforged Creator 3 Pro har vi et byggevolum p\u00e5 300 x 250 x 200 mm. To skrivehoder som gj\u00f8r det mulig \u00e5 skrive ut i forskjellige materialer. Dette er sv\u00e6rt nyttig n\u00e5r vi trenger \u00e5 utvikle m\u00e5leoppsett for \u00e5 muliggj\u00f8re mer komplekse m\u00e5linger.<\/p>\n                        <\/div>\n                    \n                                    <\/div><!-- .cta--texts -->\n\n            <\/div><!-- .section-content-inner -->\n        <\/div><!-- .section-content -->\n    <\/div><!-- .container -->\n\n<\/section>","protected":false},"excerpt":{"rendered":"<p>3D PRINT 3D-utskrift<\/p>","protected":false},"author":3,"featured_media":0,"parent":11,"menu_order":0,"comment_status":"closed","ping_status":"closed","template":"","meta":{"_acf_changed":true,"footnotes":""},"class_list":["post-1146","page","type-page","status-publish","hentry"],"acf":[],"yoast_head":"<!-- This site is optimized with the Yoast SEO plugin v26.4 - https:\/\/yoast.com\/wordpress\/plugins\/seo\/ -->\n<title>3D-print i V\u00e4rnamo | CAD-underlag | V\u00e4rnamo M\u00e4tcenter<\/title>\n<meta name=\"description\" content=\"Extern 3D-m\u00e4tning med Flashforged Creator 3 Pro. Byggvolym p\u00e5 300 x 250 x 200mm. M\u00e4tuppl\u00e4gg f\u00f6r att m\u00f6jligg\u00f6ra en mer komplex m\u00e4tning.\" \/>\n<meta name=\"robots\" content=\"index, follow, max-snippet:-1, max-image-preview:large, max-video-preview:-1\" \/>\n<link rel=\"canonical\" href=\"https:\/\/www.vmcab.se\/no\/tjanster\/3d-print\/\" \/>\n<meta property=\"og:locale\" content=\"nb_NO\" \/>\n<meta property=\"og:type\" content=\"article\" \/>\n<meta property=\"og:title\" content=\"3D-print i V\u00e4rnamo | CAD-underlag | V\u00e4rnamo M\u00e4tcenter\" \/>\n<meta property=\"og:description\" content=\"Extern 3D-m\u00e4tning med Flashforged Creator 3 Pro. Byggvolym p\u00e5 300 x 250 x 200mm. M\u00e4tuppl\u00e4gg f\u00f6r att m\u00f6jligg\u00f6ra en mer komplex m\u00e4tning.\" \/>\n<meta property=\"og:url\" content=\"https:\/\/www.vmcab.se\/no\/tjanster\/3d-print\/\" \/>\n<meta property=\"og:site_name\" content=\"V\u00e4rnamo M\u00e4tcenter AB\" \/>\n<meta property=\"article:modified_time\" content=\"2025-11-19T14:44:46+00:00\" \/>\n<meta property=\"og:image\" content=\"https:\/\/www.vmcab.se\/wp-content\/uploads\/2025\/11\/Sg122_Site.webp\" \/>\n\t<meta property=\"og:image:width\" content=\"1201\" \/>\n\t<meta property=\"og:image:height\" content=\"676\" \/>\n\t<meta property=\"og:image:type\" content=\"image\/webp\" \/>\n<meta name=\"twitter:card\" content=\"summary_large_image\" \/>\n<meta name=\"twitter:label1\" content=\"Est. reading time\" \/>\n\t<meta name=\"twitter:data1\" content=\"1 minutt\" \/>\n<script type=\"application\/ld+json\" class=\"yoast-schema-graph\">{\"@context\":\"https:\/\/schema.org\",\"@graph\":[{\"@type\":\"WebPage\",\"@id\":\"https:\/\/www.vmcab.se\/tjanster\/3d-print\/\",\"url\":\"https:\/\/www.vmcab.se\/tjanster\/3d-print\/\",\"name\":\"3D-print i V\u00e4rnamo | CAD-underlag | V\u00e4rnamo M\u00e4tcenter\",\"isPartOf\":{\"@id\":\"https:\/\/www.vmcab.se\/#website\"},\"datePublished\":\"2025-04-08T13:38:44+00:00\",\"dateModified\":\"2025-11-19T14:44:46+00:00\",\"description\":\"Extern 3D-m\u00e4tning med Flashforged Creator 3 Pro. Byggvolym p\u00e5 300 x 250 x 200mm. M\u00e4tuppl\u00e4gg f\u00f6r att m\u00f6jligg\u00f6ra en mer komplex m\u00e4tning.\",\"breadcrumb\":{\"@id\":\"https:\/\/www.vmcab.se\/tjanster\/3d-print\/#breadcrumb\"},\"inLanguage\":\"nb-NO\",\"potentialAction\":[{\"@type\":\"ReadAction\",\"target\":[\"https:\/\/www.vmcab.se\/tjanster\/3d-print\/\"]}]},{\"@type\":\"BreadcrumbList\",\"@id\":\"https:\/\/www.vmcab.se\/tjanster\/3d-print\/#breadcrumb\",\"itemListElement\":[{\"@type\":\"ListItem\",\"position\":1,\"name\":\"Home\",\"item\":\"https:\/\/www.vmcab.se\/\"},{\"@type\":\"ListItem\",\"position\":2,\"name\":\"Tj\u00e4nster\",\"item\":\"https:\/\/www.vmcab.se\/tjanster\/\"},{\"@type\":\"ListItem\",\"position\":3,\"name\":\"3D print\"}]},{\"@type\":\"WebSite\",\"@id\":\"https:\/\/www.vmcab.se\/#website\",\"url\":\"https:\/\/www.vmcab.se\/\",\"name\":\"V\u00e4rnamo M\u00e4tcenter AB\",\"description\":\"\",\"publisher\":{\"@id\":\"https:\/\/www.vmcab.se\/#organization\"},\"potentialAction\":[{\"@type\":\"SearchAction\",\"target\":{\"@type\":\"EntryPoint\",\"urlTemplate\":\"https:\/\/www.vmcab.se\/?s={search_term_string}\"},\"query-input\":{\"@type\":\"PropertyValueSpecification\",\"valueRequired\":true,\"valueName\":\"search_term_string\"}}],\"inLanguage\":\"nb-NO\"},{\"@type\":[\"Organization\",\"Place\"],\"@id\":\"https:\/\/www.vmcab.se\/#organization\",\"name\":\"V\u00e4rnamo M\u00e4tcenter AB\",\"url\":\"https:\/\/www.vmcab.se\/\",\"logo\":{\"@id\":\"https:\/\/www.vmcab.se\/tjanster\/3d-print\/#local-main-organization-logo\"},\"image\":{\"@id\":\"https:\/\/www.vmcab.se\/tjanster\/3d-print\/#local-main-organization-logo\"},\"address\":{\"@id\":\"https:\/\/www.vmcab.se\/tjanster\/3d-print\/#local-main-place-address\"},\"geo\":{\"@type\":\"GeoCoordinates\",\"latitude\":\"57.173476947949474\",\"longitude\":\"14.015815860594877\"},\"telephone\":[\"0730224825\"],\"openingHoursSpecification\":[{\"@type\":\"OpeningHoursSpecification\",\"dayOfWeek\":[\"Monday\",\"Tuesday\",\"Wednesday\",\"Thursday\",\"Friday\"],\"opens\":\"07:00\",\"closes\":\"16:00\"},{\"@type\":\"OpeningHoursSpecification\",\"dayOfWeek\":[\"Saturday\",\"Sunday\"],\"opens\":\"00:00\",\"closes\":\"00:00\"}],\"email\":\"info@vmcab.se\"},{\"@type\":\"PostalAddress\",\"@id\":\"https:\/\/www.vmcab.se\/tjanster\/3d-print\/#local-main-place-address\",\"streetAddress\":\"Repslagarev\u00e4gen 10\",\"addressLocality\":\"V\u00e4rnamo\",\"postalCode\":\"331 53\",\"addressCountry\":\"SE\"},{\"@type\":\"ImageObject\",\"inLanguage\":\"nb-NO\",\"@id\":\"https:\/\/www.vmcab.se\/tjanster\/3d-print\/#local-main-organization-logo\",\"url\":\"https:\/\/www.vmcab.se\/wp-content\/uploads\/2025\/11\/Sg122_org.webp\",\"contentUrl\":\"https:\/\/www.vmcab.se\/wp-content\/uploads\/2025\/11\/Sg122_org.webp\",\"width\":697,\"height\":697,\"caption\":\"V\u00e4rnamo M\u00e4tcenter AB\"}]}<\/script>\n<meta name=\"geo.placename\" content=\"V\u00e4rnamo\" \/>\n<meta name=\"geo.position\" content=\"57.173476947949474;14.015815860594877\" \/>\n<meta name=\"geo.region\" content=\"Sweden\" \/>\n<!-- \/ Yoast SEO plugin. -->","yoast_head_json":{"title":"3D-print i V\u00e4rnamo | CAD-underlag | V\u00e4rnamo M\u00e4tcenter","description":"Extern 3D-m\u00e4tning med Flashforged Creator 3 Pro. Byggvolym p\u00e5 300 x 250 x 200mm. M\u00e4tuppl\u00e4gg f\u00f6r att m\u00f6jligg\u00f6ra en mer komplex m\u00e4tning.","robots":{"index":"index","follow":"follow","max-snippet":"max-snippet:-1","max-image-preview":"max-image-preview:large","max-video-preview":"max-video-preview:-1"},"canonical":"https:\/\/www.vmcab.se\/no\/tjanster\/3d-print\/","og_locale":"nb_NO","og_type":"article","og_title":"3D-print i V\u00e4rnamo | CAD-underlag | V\u00e4rnamo M\u00e4tcenter","og_description":"Extern 3D-m\u00e4tning med Flashforged Creator 3 Pro. Byggvolym p\u00e5 300 x 250 x 200mm. M\u00e4tuppl\u00e4gg f\u00f6r att m\u00f6jligg\u00f6ra en mer komplex m\u00e4tning.","og_url":"https:\/\/www.vmcab.se\/no\/tjanster\/3d-print\/","og_site_name":"V\u00e4rnamo M\u00e4tcenter AB","article_modified_time":"2025-11-19T14:44:46+00:00","og_image":[{"width":1201,"height":676,"url":"https:\/\/www.vmcab.se\/wp-content\/uploads\/2025\/11\/Sg122_Site.webp","type":"image\/webp"}],"twitter_card":"summary_large_image","twitter_misc":{"Est. reading time":"1 minutt"},"schema":{"@context":"https:\/\/schema.org","@graph":[{"@type":"WebPage","@id":"https:\/\/www.vmcab.se\/tjanster\/3d-print\/","url":"https:\/\/www.vmcab.se\/tjanster\/3d-print\/","name":"3D-print i V\u00e4rnamo | CAD-underlag | V\u00e4rnamo M\u00e4tcenter","isPartOf":{"@id":"https:\/\/www.vmcab.se\/#website"},"datePublished":"2025-04-08T13:38:44+00:00","dateModified":"2025-11-19T14:44:46+00:00","description":"Extern 3D-m\u00e4tning med Flashforged Creator 3 Pro. Byggvolym p\u00e5 300 x 250 x 200mm. M\u00e4tuppl\u00e4gg f\u00f6r att m\u00f6jligg\u00f6ra en mer komplex m\u00e4tning.","breadcrumb":{"@id":"https:\/\/www.vmcab.se\/tjanster\/3d-print\/#breadcrumb"},"inLanguage":"nb-NO","potentialAction":[{"@type":"ReadAction","target":["https:\/\/www.vmcab.se\/tjanster\/3d-print\/"]}]},{"@type":"BreadcrumbList","@id":"https:\/\/www.vmcab.se\/tjanster\/3d-print\/#breadcrumb","itemListElement":[{"@type":"ListItem","position":1,"name":"Home","item":"https:\/\/www.vmcab.se\/"},{"@type":"ListItem","position":2,"name":"Tj\u00e4nster","item":"https:\/\/www.vmcab.se\/tjanster\/"},{"@type":"ListItem","position":3,"name":"3D print"}]},{"@type":"WebSite","@id":"https:\/\/www.vmcab.se\/#website","url":"https:\/\/www.vmcab.se\/","name":"V\u00e4rnamo M\u00e4tcenter AB","description":"","publisher":{"@id":"https:\/\/www.vmcab.se\/#organization"},"potentialAction":[{"@type":"SearchAction","target":{"@type":"EntryPoint","urlTemplate":"https:\/\/www.vmcab.se\/?s={search_term_string}"},"query-input":{"@type":"PropertyValueSpecification","valueRequired":true,"valueName":"search_term_string"}}],"inLanguage":"nb-NO"},{"@type":["Organization","Place"],"@id":"https:\/\/www.vmcab.se\/#organization","name":"V\u00e4rnamo M\u00e4tcenter AB","url":"https:\/\/www.vmcab.se\/","logo":{"@id":"https:\/\/www.vmcab.se\/tjanster\/3d-print\/#local-main-organization-logo"},"image":{"@id":"https:\/\/www.vmcab.se\/tjanster\/3d-print\/#local-main-organization-logo"},"address":{"@id":"https:\/\/www.vmcab.se\/tjanster\/3d-print\/#local-main-place-address"},"geo":{"@type":"GeoCoordinates","latitude":"57.173476947949474","longitude":"14.015815860594877"},"telephone":["0730224825"],"openingHoursSpecification":[{"@type":"OpeningHoursSpecification","dayOfWeek":["Monday","Tuesday","Wednesday","Thursday","Friday"],"opens":"07:00","closes":"16:00"},{"@type":"OpeningHoursSpecification","dayOfWeek":["Saturday","Sunday"],"opens":"00:00","closes":"00:00"}],"email":"info@vmcab.se"},{"@type":"PostalAddress","@id":"https:\/\/www.vmcab.se\/tjanster\/3d-print\/#local-main-place-address","streetAddress":"Repslagarev\u00e4gen 10","addressLocality":"V\u00e4rnamo","postalCode":"331 53","addressCountry":"SE"},{"@type":"ImageObject","inLanguage":"nb-NO","@id":"https:\/\/www.vmcab.se\/tjanster\/3d-print\/#local-main-organization-logo","url":"https:\/\/www.vmcab.se\/wp-content\/uploads\/2025\/11\/Sg122_org.webp","contentUrl":"https:\/\/www.vmcab.se\/wp-content\/uploads\/2025\/11\/Sg122_org.webp","width":697,"height":697,"caption":"V\u00e4rnamo M\u00e4tcenter AB"}]},"geo.placename":"V\u00e4rnamo","geo.position":{"lat":"57.173476947949474","long":"14.015815860594877"},"geo.region":"Sweden"},"_links":{"self":[{"href":"https:\/\/www.vmcab.se\/no\/wp-json\/wp\/v2\/pages\/1146","targetHints":{"allow":["GET"]}}],"collection":[{"href":"https:\/\/www.vmcab.se\/no\/wp-json\/wp\/v2\/pages"}],"about":[{"href":"https:\/\/www.vmcab.se\/no\/wp-json\/wp\/v2\/types\/page"}],"author":[{"embeddable":true,"href":"https:\/\/www.vmcab.se\/no\/wp-json\/wp\/v2\/users\/3"}],"replies":[{"embeddable":true,"href":"https:\/\/www.vmcab.se\/no\/wp-json\/wp\/v2\/comments?post=1146"}],"version-history":[{"count":0,"href":"https:\/\/www.vmcab.se\/no\/wp-json\/wp\/v2\/pages\/1146\/revisions"}],"up":[{"embeddable":true,"href":"https:\/\/www.vmcab.se\/no\/wp-json\/wp\/v2\/pages\/11"}],"wp:attachment":[{"href":"https:\/\/www.vmcab.se\/no\/wp-json\/wp\/v2\/media?parent=1146"}],"curies":[{"name":"wp","href":"https:\/\/api.w.org\/{rel}","templated":true}]}}