{"id":11,"date":"2024-11-25T07:26:37","date_gmt":"2024-11-25T06:26:37","guid":{"rendered":"https:\/\/nssg122vrndev.wpenginepowered.com\/?page_id=11"},"modified":"2025-11-19T13:21:27","modified_gmt":"2025-11-19T12:21:27","slug":"tjanster","status":"publish","type":"page","link":"https:\/\/www.vmcab.se\/no\/tjanster\/","title":{"rendered":"Tjenester som tilbys"},"content":{"rendered":"<section class=\"mht-block mht-block-cta mht-block-cta-6ceac448eda2e42df3c1a2864d8f424a tjanster-hero bg-gradient\" style=\"text-align:var(--mht-block-cta-section-text-align);padding-top:var(--mht-block-cta-section-padding-top)\">\n\n    \n<style id='mht-block-cta-6ceac448eda2e42df3c1a2864d8f424a-vars'>section.mht-block-cta-6ceac448eda2e42df3c1a2864d8f424a{--mht-block-cta-section-text-align:center;--mht-block-cta-section-padding-top:calc(var(--mht-header-bar-height, 72px) + 140px);--mht-block-cta-content-max-width:814px;--mht-block-cta-image-grid-column:8\/span 5;--mht-block-cta-image-margin-top:116px;--mht-block-cta-image-order:2;--mht-block-cta-texts-grid-column:1\/span 12;--mht-block-cta-texts-padding-bottom:80px;--mht-block-cta-subtitle-margin-bottom:24px;--mht-block-cta-title-margin-bottom:30px;--mht-block-cta-links-margin-top:46px}@media(max-width:991.98px){section.mht-block-cta-6ceac448eda2e42df3c1a2864d8f424a{--mht-block-cta-section-padding-top:calc(var(--mht-header-bar-height, 72px) + 160px);--mht-block-cta-content-row-gap:80px;--mht-block-cta-image-grid-column:1 \/ -1;--mht-block-cta-image-margin-top:0;--mht-block-cta-image-order:2;--mht-block-cta-texts-grid-column:1 \/ -1;--mht-block-cta-title-margin-bottom:24px}}<\/style>\n\n    <div class=\"section-rich-bg rich-bg\">\n            <\/div>\n\n    <div class=\"container\">\n        <div class=\"section-content\">\n            <div class=\"section-content--inner mht-grid content-order-d-texts_image content-order-m-texts_image align-items-start\" style=\"max-width:var(--mht-block-cta-content-max-width);row-gap:var(--mht-block-cta-content-row-gap)\">\n\n                \n                <div class=\"cta--texts\" style=\"grid-column:var(--mht-block-cta-texts-grid-column);padding-bottom:var(--mht-block-cta-texts-padding-bottom)\">\n                                            <h2 class=\"cta--subtitle mht-subtitle mht-heading\" style=\"margin-bottom:var(--mht-block-cta-subtitle-margin-bottom)\">\n                            Tjenester som tilbys                        <\/h2>\n                    \n                                            <h1 class=\"cta--title mht-heading\" style=\"margin-bottom:var(--mht-block-cta-title-margin-bottom)\">                            Metrologi og CMM-m\u00e5ling for industrien                        <\/h1>                    \n                                            <div class=\"cta--desc\">\n                            <p>Med erfaring siden 2001 hjelper vi bedrifter i hele Sverige og Norden med \u00e5 sikre h\u00f8yest mulig n\u00f8yaktighet i produksjon og utvikling.<\/p>\n                        <\/div>\n                    \n                                    <\/div><!-- .cta--texts -->\n\n            <\/div><!-- .section-content-inner -->\n        <\/div><!-- .section-content -->\n    <\/div><!-- .container -->\n\n<\/section>\n\n\n<section class=\"mht-block mht-block-cards mht-block-cards-2c4dc682b4350cf056b4e22c36e24ef8 tjanster-pages-cards\">\n\n    \n<style id='mht-block-cards-2c4dc682b4350cf056b4e22c36e24ef8-vars'>section.mht-block-cards-2c4dc682b4350cf056b4e22c36e24ef8{--mht-block-cards-cards-row-gap:24px;--mht-block-cards-content-max-width:1096px;--mht-block-cards-card-text-align:left;--mht-block-cards-card-bg-color:rgb(255,255,255);--mht-block-cards-card-texts-padding-top:46px;--mht-block-cards-card-texts-padding-right:36px;--mht-block-cards-card-texts-padding-bottom:46px;--mht-block-cards-card-texts-padding-left:36px;--mht-block-cards-card-border-radius:var(--mht-general-border-radius, 4px);--mht-block-cards-card-height:48px;--mht-block-cards-title-margin-bottom:16px;--mht-block-cards-desc-padding-right:calc(100% - 388px)}@media(max-width:991.98px){section.mht-block-cards-2c4dc682b4350cf056b4e22c36e24ef8{--mht-block-cards-cards-row-gap:16px;--mht-block-cards-card-texts-padding-top:36px;--mht-block-cards-card-texts-padding-right:24px;--mht-block-cards-card-texts-padding-bottom:46px;--mht-block-cards-card-texts-padding-left:24px;--mht-block-cards-desc-padding-right:20px}}<\/style>\n\n    <div class=\"section-rich-bg rich-bg\">\n            <\/div>\n\n    <div class=\"container\">\n        <div class=\"section-content\">\n            <div class=\"section-content--inner\" style=\"max-width:var(--mht-block-cards-content-max-width)\">\n\n                <ul class=\"cards--cards mht-grid-2 mht-grid-m-1\">\n                                            <li class=\"cards--card-item\">\n                              <a class=\"cards--card cards--card-v1\" style=\"text-align:var(--mht-block-cards-card-text-align);background-color:var(--mht-block-cards-card-bg-color);padding-top:var(--mht-block-cards-card-texts-padding-top);padding-right:var(--mht-block-cards-card-texts-padding-right);padding-bottom:var(--mht-block-cards-card-texts-padding-bottom);padding-left:var(--mht-block-cards-card-texts-padding-left);border-radius:var(--mht-block-cards-card-border-radius)\" href=\"https:\/\/www.vmcab.se\/no\/tjanster\/cmm-matning\/\" >\n  \n    <div class=\"cards--card--header\">\n      \n    <figure class=\"cards--card--image image-size-type-fixed image-type-image\" style=\"height:var(--mht-block-cards-card-height)\">\n                    <img loading=\"lazy\" decoding=\"async\" width=\"1\" height=\"1\" src=\"https:\/\/www.vmcab.se\/wp-content\/uploads\/2025\/10\/Group-1310.svg\" class=\"\" alt=\"\" \/>            <\/figure><!-- .cards--card--image -->\n    <\/div><!-- .cards--card--header -->\n\n    <div class=\"cards--card--texts\">\n      <div class=\"cards--card--texts--inner\">\n\n        <div class=\"cards--card--body\">\n        \n                      <h3 class=\"cards--card--title mht-heading h4\" style=\"margin-bottom:var(--mht-block-cards-title-margin-bottom)\">            CMM-m\u00e5ling            <\/h3>          \n                      <div class=\"cards--card--desc\" style=\"padding-right:var(--mht-block-cards-desc-padding-right)\">\n              <p>N\u00f8yaktig koordinatm\u00e5ling av deler og komponenter. Ideell for kontrollm\u00e5linger, sammenligning med tegninger og kvalitetssikring av serieproduksjon.<\/p>\n            <\/div>\n                  <\/div><!-- .cards--card--body -->\n\n                  <div class=\"cards--card--footer\">\n            \n                                                <span class=\"readmore\"><span class=\"readmore--text\">Les mer om dette<\/span><span class=\"icon-wrap\"><i class=\"mht-icon fal fa-long-arrow-right\"><\/i><\/span><\/span>\n                            \n                  <\/div><!-- .cards--card--footer -->\n        \n        \n      <\/div><!-- .cards--card--texts--inner -->\n    <\/div><!-- .cards--card--texts -->\n      <\/a>\n                        <\/li>\n                                            <li class=\"cards--card-item\">\n                              <a class=\"cards--card cards--card-v1\" style=\"text-align:var(--mht-block-cards-card-text-align);background-color:var(--mht-block-cards-card-bg-color);padding-top:var(--mht-block-cards-card-texts-padding-top);padding-right:var(--mht-block-cards-card-texts-padding-right);padding-bottom:var(--mht-block-cards-card-texts-padding-bottom);padding-left:var(--mht-block-cards-card-texts-padding-left);border-radius:var(--mht-block-cards-card-border-radius)\" href=\"https:\/\/www.vmcab.se\/no\/tjanster\/3d-print\/\" >\n  \n    <div class=\"cards--card--header\">\n      \n    <figure class=\"cards--card--image image-size-type-fixed image-type-image\" style=\"height:var(--mht-block-cards-card-height)\">\n                    <img loading=\"lazy\" decoding=\"async\" width=\"1\" height=\"1\" src=\"https:\/\/www.vmcab.se\/wp-content\/uploads\/2025\/10\/Group-1311.svg\" class=\"\" alt=\"\" \/>            <\/figure><!-- .cards--card--image -->\n    <\/div><!-- .cards--card--header -->\n\n    <div class=\"cards--card--texts\">\n      <div class=\"cards--card--texts--inner\">\n\n        <div class=\"cards--card--body\">\n        \n                      <h3 class=\"cards--card--title mht-heading h4\" style=\"margin-bottom:var(--mht-block-cards-title-margin-bottom)\">            3D-utskrift            <\/h3>          \n                      <div class=\"cards--card--desc\" style=\"padding-right:var(--mht-block-cards-desc-padding-right)\">\n              <p>Gj\u00f8r det mulig \u00e5 lage dine egne m\u00e5leoppsett.<\/p>\n            <\/div>\n                  <\/div><!-- .cards--card--body -->\n\n                  <div class=\"cards--card--footer\">\n            \n                                                <span class=\"readmore\"><span class=\"readmore--text\">Les mer om dette<\/span><span class=\"icon-wrap\"><i class=\"mht-icon fal fa-long-arrow-right\"><\/i><\/span><\/span>\n                            \n                  <\/div><!-- .cards--card--footer -->\n        \n        \n      <\/div><!-- .cards--card--texts--inner -->\n    <\/div><!-- .cards--card--texts -->\n      <\/a>\n                        <\/li>\n                                            <li class=\"cards--card-item\">\n                              <a class=\"cards--card cards--card-v1\" style=\"text-align:var(--mht-block-cards-card-text-align);background-color:var(--mht-block-cards-card-bg-color);padding-top:var(--mht-block-cards-card-texts-padding-top);padding-right:var(--mht-block-cards-card-texts-padding-right);padding-bottom:var(--mht-block-cards-card-texts-padding-bottom);padding-left:var(--mht-block-cards-card-texts-padding-left);border-radius:var(--mht-block-cards-card-border-radius)\" href=\"https:\/\/www.vmcab.se\/no\/tjanster\/ritningslasning\/\" >\n  \n    <div class=\"cards--card--header\">\n      \n    <figure class=\"cards--card--image image-size-type-fixed image-type-image\" style=\"height:var(--mht-block-cards-card-height)\">\n                    <img loading=\"lazy\" decoding=\"async\" width=\"1\" height=\"1\" src=\"https:\/\/www.vmcab.se\/wp-content\/uploads\/2025\/10\/Group-1312.svg\" class=\"\" alt=\"\" \/>            <\/figure><!-- .cards--card--image -->\n    <\/div><!-- .cards--card--header -->\n\n    <div class=\"cards--card--texts\">\n      <div class=\"cards--card--texts--inner\">\n\n        <div class=\"cards--card--body\">\n        \n                      <h3 class=\"cards--card--title mht-heading h4\" style=\"margin-bottom:var(--mht-block-cards-title-margin-bottom)\">            Lesing av tegninger            <\/h3>          \n                      <div class=\"cards--card--desc\" style=\"padding-right:var(--mht-block-cards-desc-padding-right)\">\n              <p>Vi tolker og gransker tekniske tegninger for \u00e5 sikre korrekte toleranser og data for m\u00e5ling og produksjon.<\/p>\n            <\/div>\n                  <\/div><!-- .cards--card--body -->\n\n                  <div class=\"cards--card--footer\">\n            \n                                                <span class=\"readmore\"><span class=\"readmore--text\">Les mer om dette<\/span><span class=\"icon-wrap\"><i class=\"mht-icon fal fa-long-arrow-right\"><\/i><\/span><\/span>\n                            \n                  <\/div><!-- .cards--card--footer -->\n        \n        \n      <\/div><!-- .cards--card--texts--inner -->\n    <\/div><!-- .cards--card--texts -->\n      <\/a>\n                        <\/li>\n                                            <li class=\"cards--card-item\">\n                              <a class=\"cards--card cards--card-v1\" style=\"text-align:var(--mht-block-cards-card-text-align);background-color:var(--mht-block-cards-card-bg-color);padding-top:var(--mht-block-cards-card-texts-padding-top);padding-right:var(--mht-block-cards-card-texts-padding-right);padding-bottom:var(--mht-block-cards-card-texts-padding-bottom);padding-left:var(--mht-block-cards-card-texts-padding-left);border-radius:var(--mht-block-cards-card-border-radius)\" href=\"https:\/\/www.vmcab.se\/no\/tjanster\/kvalitetssakring\/\" >\n  \n    <div class=\"cards--card--header\">\n      \n    <figure class=\"cards--card--image image-size-type-fixed image-type-image\" style=\"height:var(--mht-block-cards-card-height)\">\n                    <img loading=\"lazy\" decoding=\"async\" width=\"1\" height=\"1\" src=\"https:\/\/www.vmcab.se\/wp-content\/uploads\/2025\/10\/Group-1303.svg\" class=\"\" alt=\"\" \/>            <\/figure><!-- .cards--card--image -->\n    <\/div><!-- .cards--card--header -->\n\n    <div class=\"cards--card--texts\">\n      <div class=\"cards--card--texts--inner\">\n\n        <div class=\"cards--card--body\">\n        \n                      <h3 class=\"cards--card--title mht-heading h4\" style=\"margin-bottom:var(--mht-block-cards-title-margin-bottom)\">            Kvalitetssikring            <\/h3>          \n                      <div class=\"cards--card--desc\" style=\"padding-right:var(--mht-block-cards-desc-padding-right)\">\n              <p>Kontroll og verifisering av produserte komponenter i henhold til kundens spesifikasjoner. Vi bidrar til sikre prosesser og minimerte avvik.<\/p>\n            <\/div>\n                  <\/div><!-- .cards--card--body -->\n\n                  <div class=\"cards--card--footer\">\n            \n                                                <span class=\"readmore\"><span class=\"readmore--text\">Les mer om dette<\/span><span class=\"icon-wrap\"><i class=\"mht-icon fal fa-long-arrow-right\"><\/i><\/span><\/span>\n                            \n                  <\/div><!-- .cards--card--footer -->\n        \n        \n      <\/div><!-- .cards--card--texts--inner -->\n    <\/div><!-- .cards--card--texts -->\n      <\/a>\n                        <\/li>\n                                    <\/ul>\n\n            <\/div><!-- .section-content-inner -->\n        <\/div><!-- .section-content -->\n    <\/div><!-- .container -->\n\n<\/section>\n\n\n<div class=\"gb-container gb-container-2ccc5a3a\">\n<div class=\"gb-container gb-container-3a6636a6\">\n\n<h3 class=\"gb-headline gb-headline-6d6448f7 gb-headline-text h4-m\">V\u00e4rnamo M\u00e4tcenter AB arbeider med bransjer i Sverige og Norden som stiller h\u00f8ye krav til presisjon og p\u00e5litelighet. La oss bidra med v\u00e5r m\u00e5letekniske ekspertise i ditt neste prosjekt.<\/h3>\n\n\n\n<a class=\"gb-button gb-button-a4d7d43b gb-button-text\" href=\"https:\/\/www.vmcab.se\/no\/kontakta-oss\/\">Kontakt oss p\u00e5<\/a>\n\n<\/div>\n<\/div>","protected":false},"excerpt":{"rendered":"<p>V\u00e4rnamo M\u00e4tcenter AB arbeider med bransjer i Sverige og Norden som stiller h\u00f8ye krav til presisjon og p\u00e5litelighet. La oss bidra med v\u00e5r m\u00e5letekniske ekspertise i ditt neste prosjekt.<\/p>","protected":false},"author":1,"featured_media":0,"parent":0,"menu_order":0,"comment_status":"closed","ping_status":"closed","template":"","meta":{"_acf_changed":true,"footnotes":""},"class_list":["post-11","page","type-page","status-publish","hentry"],"acf":[],"yoast_head":"<!-- This site is optimized with the Yoast SEO plugin v26.4 - https:\/\/yoast.com\/wordpress\/plugins\/seo\/ -->\n<title>Tj\u00e4nster - V\u00e4rnamo M\u00e4tcenter AB<\/title>\n<meta name=\"robots\" content=\"index, follow, max-snippet:-1, max-image-preview:large, max-video-preview:-1\" \/>\n<link rel=\"canonical\" href=\"https:\/\/www.vmcab.se\/no\/tjanster\/\" \/>\n<meta property=\"og:locale\" content=\"nb_NO\" \/>\n<meta property=\"og:type\" content=\"article\" \/>\n<meta property=\"og:title\" content=\"Tj\u00e4nster - V\u00e4rnamo M\u00e4tcenter AB\" \/>\n<meta property=\"og:description\" content=\"V\u00e4rnamo M\u00e4tcenter AB arbetar med industrier i Sverige och Norden som st\u00e4ller h\u00f6ga krav p\u00e5 precision och tillf\u00f6rlitlighet. L\u00e5t oss bidra med v\u00e5r m\u00e4ttekniska expertis i ditt n\u00e4sta uppdrag.\" \/>\n<meta property=\"og:url\" content=\"https:\/\/www.vmcab.se\/no\/tjanster\/\" \/>\n<meta property=\"og:site_name\" content=\"V\u00e4rnamo M\u00e4tcenter AB\" \/>\n<meta property=\"article:modified_time\" content=\"2025-11-19T12:21:27+00:00\" \/>\n<meta property=\"og:image\" content=\"https:\/\/www.vmcab.se\/wp-content\/uploads\/2025\/11\/Sg122_Site.webp\" \/>\n\t<meta property=\"og:image:width\" content=\"1201\" \/>\n\t<meta property=\"og:image:height\" content=\"676\" \/>\n\t<meta property=\"og:image:type\" content=\"image\/webp\" \/>\n<meta name=\"twitter:card\" content=\"summary_large_image\" \/>\n<meta name=\"twitter:label1\" content=\"Est. reading time\" \/>\n\t<meta name=\"twitter:data1\" content=\"1 minutt\" \/>\n<script type=\"application\/ld+json\" class=\"yoast-schema-graph\">{\"@context\":\"https:\/\/schema.org\",\"@graph\":[{\"@type\":\"WebPage\",\"@id\":\"https:\/\/www.vmcab.se\/tjanster\/\",\"url\":\"https:\/\/www.vmcab.se\/tjanster\/\",\"name\":\"Tj\u00e4nster - V\u00e4rnamo M\u00e4tcenter AB\",\"isPartOf\":{\"@id\":\"https:\/\/www.vmcab.se\/#website\"},\"datePublished\":\"2024-11-25T06:26:37+00:00\",\"dateModified\":\"2025-11-19T12:21:27+00:00\",\"breadcrumb\":{\"@id\":\"https:\/\/www.vmcab.se\/tjanster\/#breadcrumb\"},\"inLanguage\":\"nb-NO\",\"potentialAction\":[{\"@type\":\"ReadAction\",\"target\":[\"https:\/\/www.vmcab.se\/tjanster\/\"]}]},{\"@type\":\"BreadcrumbList\",\"@id\":\"https:\/\/www.vmcab.se\/tjanster\/#breadcrumb\",\"itemListElement\":[{\"@type\":\"ListItem\",\"position\":1,\"name\":\"Home\",\"item\":\"https:\/\/www.vmcab.se\/\"},{\"@type\":\"ListItem\",\"position\":2,\"name\":\"Tj\u00e4nster\"}]},{\"@type\":\"WebSite\",\"@id\":\"https:\/\/www.vmcab.se\/#website\",\"url\":\"https:\/\/www.vmcab.se\/\",\"name\":\"V\u00e4rnamo M\u00e4tcenter AB\",\"description\":\"\",\"publisher\":{\"@id\":\"https:\/\/www.vmcab.se\/#organization\"},\"potentialAction\":[{\"@type\":\"SearchAction\",\"target\":{\"@type\":\"EntryPoint\",\"urlTemplate\":\"https:\/\/www.vmcab.se\/?s={search_term_string}\"},\"query-input\":{\"@type\":\"PropertyValueSpecification\",\"valueRequired\":true,\"valueName\":\"search_term_string\"}}],\"inLanguage\":\"nb-NO\"},{\"@type\":[\"Organization\",\"Place\"],\"@id\":\"https:\/\/www.vmcab.se\/#organization\",\"name\":\"V\u00e4rnamo M\u00e4tcenter AB\",\"url\":\"https:\/\/www.vmcab.se\/\",\"logo\":{\"@id\":\"https:\/\/www.vmcab.se\/tjanster\/#local-main-organization-logo\"},\"image\":{\"@id\":\"https:\/\/www.vmcab.se\/tjanster\/#local-main-organization-logo\"},\"address\":{\"@id\":\"https:\/\/www.vmcab.se\/tjanster\/#local-main-place-address\"},\"geo\":{\"@type\":\"GeoCoordinates\",\"latitude\":\"57.173476947949474\",\"longitude\":\"14.015815860594877\"},\"telephone\":[\"0730224825\"],\"openingHoursSpecification\":[{\"@type\":\"OpeningHoursSpecification\",\"dayOfWeek\":[\"Monday\",\"Tuesday\",\"Wednesday\",\"Thursday\",\"Friday\"],\"opens\":\"07:00\",\"closes\":\"16:00\"},{\"@type\":\"OpeningHoursSpecification\",\"dayOfWeek\":[\"Saturday\",\"Sunday\"],\"opens\":\"00:00\",\"closes\":\"00:00\"}],\"email\":\"info@vmcab.se\"},{\"@type\":\"PostalAddress\",\"@id\":\"https:\/\/www.vmcab.se\/tjanster\/#local-main-place-address\",\"streetAddress\":\"Repslagarev\u00e4gen 10\",\"addressLocality\":\"V\u00e4rnamo\",\"postalCode\":\"331 53\",\"addressCountry\":\"SE\"},{\"@type\":\"ImageObject\",\"inLanguage\":\"nb-NO\",\"@id\":\"https:\/\/www.vmcab.se\/tjanster\/#local-main-organization-logo\",\"url\":\"https:\/\/www.vmcab.se\/wp-content\/uploads\/2025\/11\/Sg122_org.webp\",\"contentUrl\":\"https:\/\/www.vmcab.se\/wp-content\/uploads\/2025\/11\/Sg122_org.webp\",\"width\":697,\"height\":697,\"caption\":\"V\u00e4rnamo M\u00e4tcenter AB\"}]}<\/script>\n<meta name=\"geo.placename\" content=\"V\u00e4rnamo\" \/>\n<meta name=\"geo.position\" content=\"57.173476947949474;14.015815860594877\" \/>\n<meta name=\"geo.region\" content=\"Sweden\" \/>\n<!-- \/ Yoast SEO plugin. -->","yoast_head_json":{"title":"Tjenester - V\u00e4rnamo M\u00e4tcenter AB","robots":{"index":"index","follow":"follow","max-snippet":"max-snippet:-1","max-image-preview":"max-image-preview:large","max-video-preview":"max-video-preview:-1"},"canonical":"https:\/\/www.vmcab.se\/no\/tjanster\/","og_locale":"nb_NO","og_type":"article","og_title":"Tj\u00e4nster - V\u00e4rnamo M\u00e4tcenter AB","og_description":"V\u00e4rnamo M\u00e4tcenter AB arbetar med industrier i Sverige och Norden som st\u00e4ller h\u00f6ga krav p\u00e5 precision och tillf\u00f6rlitlighet. L\u00e5t oss bidra med v\u00e5r m\u00e4ttekniska expertis i ditt n\u00e4sta uppdrag.","og_url":"https:\/\/www.vmcab.se\/no\/tjanster\/","og_site_name":"V\u00e4rnamo M\u00e4tcenter AB","article_modified_time":"2025-11-19T12:21:27+00:00","og_image":[{"width":1201,"height":676,"url":"https:\/\/www.vmcab.se\/wp-content\/uploads\/2025\/11\/Sg122_Site.webp","type":"image\/webp"}],"twitter_card":"summary_large_image","twitter_misc":{"Est. reading time":"1 minutt"},"schema":{"@context":"https:\/\/schema.org","@graph":[{"@type":"WebPage","@id":"https:\/\/www.vmcab.se\/tjanster\/","url":"https:\/\/www.vmcab.se\/tjanster\/","name":"Tjenester - V\u00e4rnamo M\u00e4tcenter AB","isPartOf":{"@id":"https:\/\/www.vmcab.se\/#website"},"datePublished":"2024-11-25T06:26:37+00:00","dateModified":"2025-11-19T12:21:27+00:00","breadcrumb":{"@id":"https:\/\/www.vmcab.se\/tjanster\/#breadcrumb"},"inLanguage":"nb-NO","potentialAction":[{"@type":"ReadAction","target":["https:\/\/www.vmcab.se\/tjanster\/"]}]},{"@type":"BreadcrumbList","@id":"https:\/\/www.vmcab.se\/tjanster\/#breadcrumb","itemListElement":[{"@type":"ListItem","position":1,"name":"Home","item":"https:\/\/www.vmcab.se\/"},{"@type":"ListItem","position":2,"name":"Tj\u00e4nster"}]},{"@type":"WebSite","@id":"https:\/\/www.vmcab.se\/#website","url":"https:\/\/www.vmcab.se\/","name":"V\u00e4rnamo M\u00e4tcenter AB","description":"","publisher":{"@id":"https:\/\/www.vmcab.se\/#organization"},"potentialAction":[{"@type":"SearchAction","target":{"@type":"EntryPoint","urlTemplate":"https:\/\/www.vmcab.se\/?s={search_term_string}"},"query-input":{"@type":"PropertyValueSpecification","valueRequired":true,"valueName":"search_term_string"}}],"inLanguage":"nb-NO"},{"@type":["Organization","Place"],"@id":"https:\/\/www.vmcab.se\/#organization","name":"V\u00e4rnamo M\u00e4tcenter AB","url":"https:\/\/www.vmcab.se\/","logo":{"@id":"https:\/\/www.vmcab.se\/tjanster\/#local-main-organization-logo"},"image":{"@id":"https:\/\/www.vmcab.se\/tjanster\/#local-main-organization-logo"},"address":{"@id":"https:\/\/www.vmcab.se\/tjanster\/#local-main-place-address"},"geo":{"@type":"GeoCoordinates","latitude":"57.173476947949474","longitude":"14.015815860594877"},"telephone":["0730224825"],"openingHoursSpecification":[{"@type":"OpeningHoursSpecification","dayOfWeek":["Monday","Tuesday","Wednesday","Thursday","Friday"],"opens":"07:00","closes":"16:00"},{"@type":"OpeningHoursSpecification","dayOfWeek":["Saturday","Sunday"],"opens":"00:00","closes":"00:00"}],"email":"info@vmcab.se"},{"@type":"PostalAddress","@id":"https:\/\/www.vmcab.se\/tjanster\/#local-main-place-address","streetAddress":"Repslagarev\u00e4gen 10","addressLocality":"V\u00e4rnamo","postalCode":"331 53","addressCountry":"SE"},{"@type":"ImageObject","inLanguage":"nb-NO","@id":"https:\/\/www.vmcab.se\/tjanster\/#local-main-organization-logo","url":"https:\/\/www.vmcab.se\/wp-content\/uploads\/2025\/11\/Sg122_org.webp","contentUrl":"https:\/\/www.vmcab.se\/wp-content\/uploads\/2025\/11\/Sg122_org.webp","width":697,"height":697,"caption":"V\u00e4rnamo M\u00e4tcenter AB"}]},"geo.placename":"V\u00e4rnamo","geo.position":{"lat":"57.173476947949474","long":"14.015815860594877"},"geo.region":"Sweden"},"_links":{"self":[{"href":"https:\/\/www.vmcab.se\/no\/wp-json\/wp\/v2\/pages\/11","targetHints":{"allow":["GET"]}}],"collection":[{"href":"https:\/\/www.vmcab.se\/no\/wp-json\/wp\/v2\/pages"}],"about":[{"href":"https:\/\/www.vmcab.se\/no\/wp-json\/wp\/v2\/types\/page"}],"author":[{"embeddable":true,"href":"https:\/\/www.vmcab.se\/no\/wp-json\/wp\/v2\/users\/1"}],"replies":[{"embeddable":true,"href":"https:\/\/www.vmcab.se\/no\/wp-json\/wp\/v2\/comments?post=11"}],"version-history":[{"count":0,"href":"https:\/\/www.vmcab.se\/no\/wp-json\/wp\/v2\/pages\/11\/revisions"}],"wp:attachment":[{"href":"https:\/\/www.vmcab.se\/no\/wp-json\/wp\/v2\/media?parent=11"}],"curies":[{"name":"wp","href":"https:\/\/api.w.org\/{rel}","templated":true}]}}