{"id":19,"date":"2024-11-25T07:27:46","date_gmt":"2024-11-25T06:27:46","guid":{"rendered":"https:\/\/nssg122vrndev.wpenginepowered.com\/?page_id=19"},"modified":"2025-10-31T12:50:19","modified_gmt":"2025-10-31T11:50:19","slug":"om-oss","status":"publish","type":"page","link":"https:\/\/www.vmcab.se\/da\/om-oss\/","title":{"rendered":"Om os"},"content":{"rendered":"<section class=\"mht-block mht-block-cta mht-block-cta-360cbcae059310bf1017a62014039f03 bg-gradient\" style=\"padding-top:var(--mht-block-cta-section-padding-top);padding-bottom:var(--mht-block-cta-section-padding-bottom)\">\n\n    \n<style id='mht-block-cta-360cbcae059310bf1017a62014039f03-vars'>section.mht-block-cta-360cbcae059310bf1017a62014039f03{--mht-block-cta-section-padding-top:calc(var(--mht-header-bar-height, 72px) + 46px);--mht-block-cta-section-padding-bottom:160px;--mht-block-cta-image-grid-column:1\/span 5;--mht-block-cta-texts-grid-column:7\/span 6;--mht-block-cta-subtitle-margin-bottom:80px;--mht-block-cta-title-margin-bottom:30px;--mht-block-cta-desc-margin-right:17%;--mht-block-cta-links-margin-top:46px}@media(max-width:991.98px){section.mht-block-cta-360cbcae059310bf1017a62014039f03{--mht-block-cta-section-padding-top:calc(var(--mht-header-bar-height, 72px) + 30px);--mht-block-cta-section-padding-bottom:180px;--mht-block-cta-content-row-gap:60px;--mht-block-cta-image-grid-column:1 \/ -1;--mht-block-cta-texts-grid-column:1 \/ -1;--mht-block-cta-title-margin-bottom:24px;--mht-block-cta-desc-margin-right:0}}<\/style>\n\n    <div class=\"section-rich-bg rich-bg\">\n            <\/div>\n\n    <div class=\"container\">\n        <div class=\"section-content\">\n            <div class=\"section-content--inner mht-grid content-order-d-image_texts content-order-m-image_texts align-items-center m-align-items-start\" style=\"row-gap:var(--mht-block-cta-content-row-gap)\">\n\n                                    <figure class=\"cta--image\" style=\"grid-column:var(--mht-block-cta-image-grid-column)\">\n                        <img loading=\"lazy\" decoding=\"async\" width=\"768\" height=\"789\" src=\"https:\/\/www.vmcab.se\/wp-content\/uploads\/2025\/10\/shutterstock_2631543673@2x-768x789.webp\" class=\"display-d\" alt=\"\" srcset=\"https:\/\/www.vmcab.se\/wp-content\/uploads\/2025\/10\/shutterstock_2631543673@2x-768x789.webp 768w, https:\/\/www.vmcab.se\/wp-content\/uploads\/2025\/10\/shutterstock_2631543673@2x-292x300.webp 292w, https:\/\/www.vmcab.se\/wp-content\/uploads\/2025\/10\/shutterstock_2631543673@2x-996x1024.webp 996w, https:\/\/www.vmcab.se\/wp-content\/uploads\/2025\/10\/shutterstock_2631543673@2x-575x591.webp 575w, https:\/\/www.vmcab.se\/wp-content\/uploads\/2025\/10\/shutterstock_2631543673@2x.webp 1072w\" sizes=\"auto, (max-width: 768px) 100vw, 768px\" \/><img loading=\"lazy\" decoding=\"async\" width=\"575\" height=\"695\" src=\"https:\/\/www.vmcab.se\/wp-content\/uploads\/2025\/10\/shutterstock_2631543673@2x-1-575x695.webp\" class=\"display-m\" alt=\"\" srcset=\"https:\/\/www.vmcab.se\/wp-content\/uploads\/2025\/10\/shutterstock_2631543673@2x-1-575x695.webp 575w, https:\/\/www.vmcab.se\/wp-content\/uploads\/2025\/10\/shutterstock_2631543673@2x-1-248x300.webp 248w, https:\/\/www.vmcab.se\/wp-content\/uploads\/2025\/10\/shutterstock_2631543673@2x-1.webp 716w\" sizes=\"auto, (max-width: 575px) 100vw, 575px\" \/>                    <\/figure><!-- .cta--image -->\n                \n                <div class=\"cta--texts\" style=\"grid-column:var(--mht-block-cta-texts-grid-column)\">\n                    \n                                            <h1 class=\"cta--title mht-heading h2 h1-m\" style=\"margin-bottom:var(--mht-block-cta-title-margin-bottom)\">                            V\u00e4rnamo M\u00e4tcenter AB                        <\/h1>                    \n                                            <div class=\"cta--desc\" style=\"margin-right:var(--mht-block-cta-desc-margin-right)\">\n                            <p>V\u00e4rnamo M\u00e4tcenter AB har arbejdet med avanceret metrologi siden 2001 og har base i industriomr\u00e5det Hornaryd i V\u00e4rnamo. Virksomheden blev grundlagt af Peter B\u00e4ckman, som tidligere arbejdede med metrologi hos APM August Pettersson. Efter en stigende eftersp\u00f8rgsel p\u00e5 eksterne m\u00e5letjenester blev virksomheden startet og hurtigt etableret som en p\u00e5lidelig partner i industrien.<\/p>\n<p>I dag best\u00e5r virksomheden af fire fuldtidsansatte m\u00e5leteknikere og en moderne maskinpark med fire CNC-styrede koordinatm\u00e5lemaskiner. Opgaverne omfatter kunder i hele Norden, fra store akt\u00f8rer i bilindustrien til regionale produktionsvirksomheder med h\u00f8je krav til n\u00f8jagtighed og sporbarhed.<\/p>\n                        <\/div>\n                    \n                                            <div class=\"cta--links\" style=\"margin-top:var(--mht-block-cta-links-margin-top)\">\n                            <div class=\"mht-links\">\n                                <a\n        class=\"btn btn-primary\"\n        href=\"https:\/\/www.vmcab.se\/da\/kontakta-oss\/\"\n                    >\n\n    <span class=\"btn--text\">Kontakt os p\u00e5<\/span>\n\n    <\/a>\n            \n        <\/div>                        <\/div>\n                                    <\/div><!-- .cta--texts -->\n\n            <\/div><!-- .section-content-inner -->\n        <\/div><!-- .section-content -->\n    <\/div><!-- .container -->\n\n<\/section>\n\n\n<div class=\"gb-container gb-container-1be133c9\">\n<div class=\"gb-container gb-container-7351fd36\">\n<div class=\"gb-grid-wrapper gb-grid-wrapper-87060f8b\">\n<div class=\"gb-grid-column gb-grid-column-a6e7b866\"><div class=\"gb-container gb-container-a6e7b866\">\n<div class=\"gb-container gb-container-4d62c5e7\">\n\n<h2 class=\"gb-headline gb-headline-1435250f gb-headline-text h1-m\">Kvalificerede metrologer med stor erfaring<\/h2>\n\n<\/div>\n<\/div><\/div>\n\n<div class=\"gb-grid-column gb-grid-column-fe1df9f4\"><div class=\"gb-container gb-container-fe1df9f4\">\n\n<p class=\"gb-headline gb-headline-b03f1fbe gb-headline-text\">Vi arbejder dagligt med komponenter, fixturer og prototyper, som ofte er en del af den l\u00f8bende produktudvikling. Virksomheden h\u00e5ndterer mange fortrolige projekter og hj\u00e6lper designere med tegningsl\u00e6sning, m\u00e5lestrategier og dokumentation. Arbejdet er kendetegnet ved h\u00f8j n\u00f8jagtighed, repeterbar pr\u00e6cision og klar kommunikation med kunden. <\/p>\n\n\n\n<p>Hver opgave tilpasses i henhold til tegningsdokumentation og tekniske krav for at give p\u00e5lidelige resultater, der kan bruges direkte i kundens kvalitetsarbejde. Kombinationen af lang erfaring, teknisk ekspertise og moderne udstyr g\u00f8r V\u00e4rnamo M\u00e4tcenter AB til en stabil partner for industrivirksomheder, der har brug for n\u00f8jagtige m\u00e5ledata og sporbar kvalitet.<\/p>\n\n<\/div><\/div>\n<\/div>\n<\/div>\n<\/div>","protected":false},"excerpt":{"rendered":"","protected":false},"author":1,"featured_media":0,"parent":0,"menu_order":0,"comment_status":"closed","ping_status":"closed","template":"","meta":{"_acf_changed":true,"footnotes":""},"class_list":["post-19","page","type-page","status-publish","hentry"],"acf":[],"yoast_head":"<!-- This site is optimized with the Yoast SEO plugin v26.4 - https:\/\/yoast.com\/wordpress\/plugins\/seo\/ -->\n<title>Om oss - V\u00e4rnamo M\u00e4tcenter AB<\/title>\n<meta name=\"robots\" content=\"index, follow, max-snippet:-1, max-image-preview:large, max-video-preview:-1\" \/>\n<link rel=\"canonical\" href=\"https:\/\/www.vmcab.se\/da\/om-oss\/\" \/>\n<meta property=\"og:locale\" content=\"da_DK\" \/>\n<meta property=\"og:type\" content=\"article\" \/>\n<meta property=\"og:title\" content=\"Om oss - V\u00e4rnamo M\u00e4tcenter AB\" \/>\n<meta property=\"og:url\" content=\"https:\/\/www.vmcab.se\/da\/om-oss\/\" \/>\n<meta property=\"og:site_name\" content=\"V\u00e4rnamo M\u00e4tcenter AB\" \/>\n<meta property=\"article:modified_time\" content=\"2025-10-31T11:50:19+00:00\" \/>\n<meta property=\"og:image\" content=\"https:\/\/www.vmcab.se\/wp-content\/uploads\/2025\/11\/Sg122_Site.webp\" \/>\n\t<meta property=\"og:image:width\" content=\"1201\" \/>\n\t<meta property=\"og:image:height\" content=\"676\" \/>\n\t<meta property=\"og:image:type\" content=\"image\/webp\" \/>\n<meta name=\"twitter:card\" content=\"summary_large_image\" \/>\n<meta name=\"twitter:label1\" content=\"Est. reading time\" \/>\n\t<meta name=\"twitter:data1\" content=\"1 minut\" \/>\n<script type=\"application\/ld+json\" class=\"yoast-schema-graph\">{\"@context\":\"https:\/\/schema.org\",\"@graph\":[{\"@type\":\"WebPage\",\"@id\":\"https:\/\/www.vmcab.se\/om-oss\/\",\"url\":\"https:\/\/www.vmcab.se\/om-oss\/\",\"name\":\"Om oss - V\u00e4rnamo M\u00e4tcenter AB\",\"isPartOf\":{\"@id\":\"https:\/\/www.vmcab.se\/#website\"},\"datePublished\":\"2024-11-25T06:27:46+00:00\",\"dateModified\":\"2025-10-31T11:50:19+00:00\",\"breadcrumb\":{\"@id\":\"https:\/\/www.vmcab.se\/om-oss\/#breadcrumb\"},\"inLanguage\":\"da-DK\",\"potentialAction\":[{\"@type\":\"ReadAction\",\"target\":[\"https:\/\/www.vmcab.se\/om-oss\/\"]}]},{\"@type\":\"BreadcrumbList\",\"@id\":\"https:\/\/www.vmcab.se\/om-oss\/#breadcrumb\",\"itemListElement\":[{\"@type\":\"ListItem\",\"position\":1,\"name\":\"Home\",\"item\":\"https:\/\/www.vmcab.se\/\"},{\"@type\":\"ListItem\",\"position\":2,\"name\":\"Om oss\"}]},{\"@type\":\"WebSite\",\"@id\":\"https:\/\/www.vmcab.se\/#website\",\"url\":\"https:\/\/www.vmcab.se\/\",\"name\":\"V\u00e4rnamo M\u00e4tcenter AB\",\"description\":\"\",\"publisher\":{\"@id\":\"https:\/\/www.vmcab.se\/#organization\"},\"potentialAction\":[{\"@type\":\"SearchAction\",\"target\":{\"@type\":\"EntryPoint\",\"urlTemplate\":\"https:\/\/www.vmcab.se\/?s={search_term_string}\"},\"query-input\":{\"@type\":\"PropertyValueSpecification\",\"valueRequired\":true,\"valueName\":\"search_term_string\"}}],\"inLanguage\":\"da-DK\"},{\"@type\":[\"Organization\",\"Place\"],\"@id\":\"https:\/\/www.vmcab.se\/#organization\",\"name\":\"V\u00e4rnamo M\u00e4tcenter AB\",\"url\":\"https:\/\/www.vmcab.se\/\",\"logo\":{\"@id\":\"https:\/\/www.vmcab.se\/om-oss\/#local-main-organization-logo\"},\"image\":{\"@id\":\"https:\/\/www.vmcab.se\/om-oss\/#local-main-organization-logo\"},\"address\":{\"@id\":\"https:\/\/www.vmcab.se\/om-oss\/#local-main-place-address\"},\"geo\":{\"@type\":\"GeoCoordinates\",\"latitude\":\"57.173476947949474\",\"longitude\":\"14.015815860594877\"},\"telephone\":[\"0730224825\"],\"openingHoursSpecification\":[{\"@type\":\"OpeningHoursSpecification\",\"dayOfWeek\":[\"Monday\",\"Tuesday\",\"Wednesday\",\"Thursday\",\"Friday\"],\"opens\":\"07:00\",\"closes\":\"16:00\"},{\"@type\":\"OpeningHoursSpecification\",\"dayOfWeek\":[\"Saturday\",\"Sunday\"],\"opens\":\"00:00\",\"closes\":\"00:00\"}],\"email\":\"info@vmcab.se\"},{\"@type\":\"PostalAddress\",\"@id\":\"https:\/\/www.vmcab.se\/om-oss\/#local-main-place-address\",\"streetAddress\":\"Repslagarev\u00e4gen 10\",\"addressLocality\":\"V\u00e4rnamo\",\"postalCode\":\"331 53\",\"addressCountry\":\"SE\"},{\"@type\":\"ImageObject\",\"inLanguage\":\"da-DK\",\"@id\":\"https:\/\/www.vmcab.se\/om-oss\/#local-main-organization-logo\",\"url\":\"https:\/\/www.vmcab.se\/wp-content\/uploads\/2025\/11\/Sg122_org.webp\",\"contentUrl\":\"https:\/\/www.vmcab.se\/wp-content\/uploads\/2025\/11\/Sg122_org.webp\",\"width\":697,\"height\":697,\"caption\":\"V\u00e4rnamo M\u00e4tcenter AB\"}]}<\/script>\n<meta name=\"geo.placename\" content=\"V\u00e4rnamo\" \/>\n<meta name=\"geo.position\" content=\"57.173476947949474;14.015815860594877\" \/>\n<meta name=\"geo.region\" content=\"Sverige\" \/>\n<!-- \/ Yoast SEO plugin. -->","yoast_head_json":{"title":"Om os - V\u00e4rnamo M\u00e4tcenter AB","robots":{"index":"index","follow":"follow","max-snippet":"max-snippet:-1","max-image-preview":"max-image-preview:large","max-video-preview":"max-video-preview:-1"},"canonical":"https:\/\/www.vmcab.se\/da\/om-oss\/","og_locale":"da_DK","og_type":"article","og_title":"Om oss - V\u00e4rnamo M\u00e4tcenter AB","og_url":"https:\/\/www.vmcab.se\/da\/om-oss\/","og_site_name":"V\u00e4rnamo M\u00e4tcenter AB","article_modified_time":"2025-10-31T11:50:19+00:00","og_image":[{"width":1201,"height":676,"url":"https:\/\/www.vmcab.se\/wp-content\/uploads\/2025\/11\/Sg122_Site.webp","type":"image\/webp"}],"twitter_card":"summary_large_image","twitter_misc":{"Est. reading time":"1 minut"},"schema":{"@context":"https:\/\/schema.org","@graph":[{"@type":"WebPage","@id":"https:\/\/www.vmcab.se\/om-oss\/","url":"https:\/\/www.vmcab.se\/om-oss\/","name":"Om os - V\u00e4rnamo M\u00e4tcenter AB","isPartOf":{"@id":"https:\/\/www.vmcab.se\/#website"},"datePublished":"2024-11-25T06:27:46+00:00","dateModified":"2025-10-31T11:50:19+00:00","breadcrumb":{"@id":"https:\/\/www.vmcab.se\/om-oss\/#breadcrumb"},"inLanguage":"da-DK","potentialAction":[{"@type":"ReadAction","target":["https:\/\/www.vmcab.se\/om-oss\/"]}]},{"@type":"BreadcrumbList","@id":"https:\/\/www.vmcab.se\/om-oss\/#breadcrumb","itemListElement":[{"@type":"ListItem","position":1,"name":"Home","item":"https:\/\/www.vmcab.se\/"},{"@type":"ListItem","position":2,"name":"Om oss"}]},{"@type":"WebSite","@id":"https:\/\/www.vmcab.se\/#website","url":"https:\/\/www.vmcab.se\/","name":"V\u00e4rnamo M\u00e4tcenter AB","description":"","publisher":{"@id":"https:\/\/www.vmcab.se\/#organization"},"potentialAction":[{"@type":"SearchAction","target":{"@type":"EntryPoint","urlTemplate":"https:\/\/www.vmcab.se\/?s={search_term_string}"},"query-input":{"@type":"PropertyValueSpecification","valueRequired":true,"valueName":"search_term_string"}}],"inLanguage":"da-DK"},{"@type":["Organization","Place"],"@id":"https:\/\/www.vmcab.se\/#organization","name":"V\u00e4rnamo M\u00e4tcenter AB","url":"https:\/\/www.vmcab.se\/","logo":{"@id":"https:\/\/www.vmcab.se\/om-oss\/#local-main-organization-logo"},"image":{"@id":"https:\/\/www.vmcab.se\/om-oss\/#local-main-organization-logo"},"address":{"@id":"https:\/\/www.vmcab.se\/om-oss\/#local-main-place-address"},"geo":{"@type":"GeoCoordinates","latitude":"57.173476947949474","longitude":"14.015815860594877"},"telephone":["0730224825"],"openingHoursSpecification":[{"@type":"OpeningHoursSpecification","dayOfWeek":["Monday","Tuesday","Wednesday","Thursday","Friday"],"opens":"07:00","closes":"16:00"},{"@type":"OpeningHoursSpecification","dayOfWeek":["Saturday","Sunday"],"opens":"00:00","closes":"00:00"}],"email":"info@vmcab.se"},{"@type":"PostalAddress","@id":"https:\/\/www.vmcab.se\/om-oss\/#local-main-place-address","streetAddress":"Repslagarev\u00e4gen 10","addressLocality":"V\u00e4rnamo","postalCode":"331 53","addressCountry":"SE"},{"@type":"ImageObject","inLanguage":"da-DK","@id":"https:\/\/www.vmcab.se\/om-oss\/#local-main-organization-logo","url":"https:\/\/www.vmcab.se\/wp-content\/uploads\/2025\/11\/Sg122_org.webp","contentUrl":"https:\/\/www.vmcab.se\/wp-content\/uploads\/2025\/11\/Sg122_org.webp","width":697,"height":697,"caption":"V\u00e4rnamo M\u00e4tcenter AB"}]},"geo.placename":"V\u00e4rnamo","geo.position":{"lat":"57.173476947949474","long":"14.015815860594877"},"geo.region":"Sverige"},"_links":{"self":[{"href":"https:\/\/www.vmcab.se\/da\/wp-json\/wp\/v2\/pages\/19","targetHints":{"allow":["GET"]}}],"collection":[{"href":"https:\/\/www.vmcab.se\/da\/wp-json\/wp\/v2\/pages"}],"about":[{"href":"https:\/\/www.vmcab.se\/da\/wp-json\/wp\/v2\/types\/page"}],"author":[{"embeddable":true,"href":"https:\/\/www.vmcab.se\/da\/wp-json\/wp\/v2\/users\/1"}],"replies":[{"embeddable":true,"href":"https:\/\/www.vmcab.se\/da\/wp-json\/wp\/v2\/comments?post=19"}],"version-history":[{"count":0,"href":"https:\/\/www.vmcab.se\/da\/wp-json\/wp\/v2\/pages\/19\/revisions"}],"wp:attachment":[{"href":"https:\/\/www.vmcab.se\/da\/wp-json\/wp\/v2\/media?parent=19"}],"curies":[{"name":"wp","href":"https:\/\/api.w.org\/{rel}","templated":true}]}}