{"id":1153,"date":"2025-04-08T15:39:30","date_gmt":"2025-04-08T13:39:30","guid":{"rendered":"https:\/\/nssg122vrndev.wpenginepowered.com\/?page_id=1153"},"modified":"2025-11-19T11:44:20","modified_gmt":"2025-11-19T10:44:20","slug":"kvalitetssakring","status":"publish","type":"page","link":"https:\/\/www.vmcab.se\/da\/tjanster\/kvalitetssakring\/","title":{"rendered":"Kvalitetssikring"},"content":{"rendered":"<div class=\"gb-container gb-container-f7bcc957 bg-gradient\">\n<div class=\"gb-container gb-container-2ccc5a3a\">\n<div class=\"gb-container gb-container-3a6636a6\">\n\n<p class=\"gb-headline gb-headline-38050da8 gb-headline-text mht-subtitle\">Kvalitetssikring<\/p>\n\n\n\n<h1 class=\"gb-headline gb-headline-6d6448f7 gb-headline-text\">Kvalitetssikring af komponenter og produkter<\/h1>\n\n\n<div class=\"gb-container gb-container-ed47acd0 no-marg-l\">\n\n<p class=\"gb-headline gb-headline-43d39f51 gb-headline-text\">V\u00e4rnamo M\u00e4tcenter AB tilbyder kvalitetssikring til industrivirksomheder i Sverige og de nordiske lande med fokus p\u00e5 kapacitetsm\u00e5ling og sporbar dokumentation.<\/p>\n\n<\/div>\n<\/div>\n<\/div>\n<\/div>\n\n<section class=\"mht-block mht-block-cta mht-block-cta-c0c65cfea68ba3a0ed5dfb52c31df027 dynamic-height-cta\">\n\n    \n<style id='mht-block-cta-c0c65cfea68ba3a0ed5dfb52c31df027-vars'>section.mht-block-cta-c0c65cfea68ba3a0ed5dfb52c31df027{--mht-block-cta-image-grid-column:1\/span 5;--mht-block-cta-image-border-radius:var(--mht-general-border-radius, 4px);--mht-block-cta-texts-grid-column:6\/span 7;--mht-block-cta-texts-bg-color:rgb(255,255,255);--mht-block-cta-texts-padding-top:60px;--mht-block-cta-texts-padding-right:60px;--mht-block-cta-texts-padding-bottom:140px;--mht-block-cta-texts-padding-left:60px;--mht-block-cta-texts-border-radius:var(--mht-general-border-radius, 4px);--mht-block-cta-title-padding-right:calc(100% - 541px );--mht-block-cta-title-margin-bottom:24px;--mht-block-cta-desc-padding-right:calc(100% - 588px);--mht-block-cta-links-margin-top:46px}@media(max-width:991.98px){section.mht-block-cta-c0c65cfea68ba3a0ed5dfb52c31df027{--mht-block-cta-content-row-gap:16px;--mht-block-cta-image-grid-column:1 \/ -1;--mht-block-cta-texts-grid-column:1 \/ -1;--mht-block-cta-texts-padding-top:46px;--mht-block-cta-texts-padding-right:24px;--mht-block-cta-texts-padding-bottom:100px;--mht-block-cta-texts-padding-left:24px;--mht-block-cta-title-padding-right:0;--mht-block-cta-title-margin-bottom:18px;--mht-block-cta-desc-padding-right:8px}}<\/style>\n\n    <div class=\"section-rich-bg rich-bg\">\n            <\/div>\n\n    <div class=\"container\">\n        <div class=\"section-content\">\n            <div class=\"section-content--inner mht-grid content-order-d-image_texts content-order-m-image_texts\" style=\"row-gap:var(--mht-block-cta-content-row-gap)\">\n\n                                    <figure class=\"cta--image\" style=\"grid-column:var(--mht-block-cta-image-grid-column);border-radius:var(--mht-block-cta-image-border-radius)\">\n                        <img loading=\"lazy\" decoding=\"async\" width=\"768\" height=\"811\" src=\"https:\/\/www.vmcab.se\/wp-content\/uploads\/2025\/11\/Kvalitetssakring-desk-768x811.webp\" class=\"display-d\" alt=\"\" srcset=\"https:\/\/www.vmcab.se\/wp-content\/uploads\/2025\/11\/Kvalitetssakring-desk-768x811.webp 768w, https:\/\/www.vmcab.se\/wp-content\/uploads\/2025\/11\/Kvalitetssakring-desk-284x300.webp 284w, https:\/\/www.vmcab.se\/wp-content\/uploads\/2025\/11\/Kvalitetssakring-desk-970x1024.webp 970w, https:\/\/www.vmcab.se\/wp-content\/uploads\/2025\/11\/Kvalitetssakring-desk-11x12.webp 11w, https:\/\/www.vmcab.se\/wp-content\/uploads\/2025\/11\/Kvalitetssakring-desk-575x607.webp 575w, https:\/\/www.vmcab.se\/wp-content\/uploads\/2025\/11\/Kvalitetssakring-desk.webp 1072w\" sizes=\"auto, (max-width: 768px) 100vw, 768px\" \/><img loading=\"lazy\" decoding=\"async\" width=\"575\" height=\"522\" src=\"https:\/\/www.vmcab.se\/wp-content\/uploads\/2025\/11\/Kvalitetssakring-mob-575x522.webp\" class=\"display-m\" alt=\"\" srcset=\"https:\/\/www.vmcab.se\/wp-content\/uploads\/2025\/11\/Kvalitetssakring-mob-575x522.webp 575w, https:\/\/www.vmcab.se\/wp-content\/uploads\/2025\/11\/Kvalitetssakring-mob-300x272.webp 300w, https:\/\/www.vmcab.se\/wp-content\/uploads\/2025\/11\/Kvalitetssakring-mob-13x12.webp 13w, https:\/\/www.vmcab.se\/wp-content\/uploads\/2025\/11\/Kvalitetssakring-mob.webp 716w\" sizes=\"auto, (max-width: 575px) 100vw, 575px\" \/>                    <\/figure><!-- .cta--image -->\n                \n                <div class=\"cta--texts\" style=\"grid-column:var(--mht-block-cta-texts-grid-column);background-color:var(--mht-block-cta-texts-bg-color);padding-top:var(--mht-block-cta-texts-padding-top);padding-right:var(--mht-block-cta-texts-padding-right);padding-bottom:var(--mht-block-cta-texts-padding-bottom);padding-left:var(--mht-block-cta-texts-padding-left);border-radius:var(--mht-block-cta-texts-border-radius)\">\n                    \n                                            <h2 class=\"cta--title mht-heading h3\" style=\"padding-right:var(--mht-block-cta-title-padding-right);margin-bottom:var(--mht-block-cta-title-margin-bottom)\">                            Kapacitetsm\u00e5ling for stabil produktion                        <\/h2>                    \n                                            <div class=\"cta--desc\" style=\"padding-right:var(--mht-block-cta-desc-padding-right)\">\n                            <p>Kapacitetsm\u00e5ling bruges til at vurdere og sikre, at en produktionsproces leverer dimensioner inden for specificerede tolerancer. Vi udf\u00f8rer statistiske m\u00e5linger, der viser variation, pr\u00e6cision og p\u00e5lidelighed i produktionen. Vores m\u00e5leteknikere analyserer resultaterne og leverer data til forbedring af processer og produktionsresultater. Takket v\u00e6re moderne m\u00e5lemaskiner med en n\u00f8jagtighed p\u00e5 2,5 mikrometer kan selv sm\u00e5 afvigelser opdages i tide.<\/p>\n<p>V\u00e4rnamo M\u00e4tcenter AB arbejder dagligt med kunder i bilindustrien og andre fremstillingsindustrier, hvor kvalitetssikring og gentagelsesn\u00f8jagtighed er afg\u00f8rende. Vores m\u00e5l er, at alle detaljer skal opfylde kravene i tegningen og dokumenteres med sporbar pr\u00e6cision.<\/p>\n                        <\/div>\n                    \n                                    <\/div><!-- .cta--texts -->\n\n            <\/div><!-- .section-content-inner -->\n        <\/div><!-- .section-content -->\n    <\/div><!-- .container -->\n\n<\/section>\n\n\n<div class=\"gb-container gb-container-d8ff3c89\">\n<div class=\"gb-container gb-container-83dc767b\">\n<div class=\"gb-container gb-container-a620c86a\">\n\n<h3 class=\"gb-headline gb-headline-9f8b9d69 gb-headline-text\">Test af udfald og fuldt slag<\/h3>\n\n\n<div class=\"gb-container gb-container-a50e1fb4 no-marg-l\">\n\n<p>For at verificere, at serieproduktionen holder samme kvalitet som prototyper eller forserier, udf\u00f8rer vi drop-out-tests og full-cycle-tests. Under disse m\u00e5linger analyseres et stort antal komponenter for at identificere variationer og eventuelle tendenser til afvigelser. Resultaterne bruges som beslutningsgrundlag for procestilpasning og kvalitetssikring af den l\u00f8bende produktion. <\/p>\n\n\n\n<p>Vores m\u00e5leprotokoller indeholder klare v\u00e6rdier og sammenligninger med CAD- eller tegningsdokumentation, hvilket giver fuld sporbarhed. Takket v\u00e6re korte leveringstider og h\u00f8j kapacitet kan vi hurtigt levere rapporter, der bidrager til en stabil produktionskvalitet over tid.<\/p>\n\n<\/div>\n<\/div>\n\n<div class=\"gb-container gb-container-d948154d\">\n\n<h3 class=\"gb-headline gb-headline-af0543ab gb-headline-text\">Vi tilbyder<\/h3>\n\n\n\n<ul class=\"wp-block-list punklista-ul\">\n<li>Kapacitetsm\u00e5ling af produktionsprocesser<\/li>\n\n\n\n<li>Test af udfald og fuldt slag<\/li>\n\n\n\n<li>Analyse af m\u00e5ledata og h\u00e5ndtering af afvigelser<\/li>\n\n\n\n<li>Kontrol af serieproduktion og komponenter<\/li>\n\n\n\n<li>M\u00e5leprotokol med sporbar dokumentation<\/li>\n\n\n\n<li>Vurdering af repeterbarhed og processtabilitet<\/li>\n<\/ul>\n\n<\/div>\n<\/div>\n<\/div>\n\n<div class=\"gb-container gb-container-67cb077b grid-cta-ctr\">\n<div class=\"gb-container gb-container-7504e38a grid-cta-undesida\">\n<div class=\"gb-container gb-container-337ba1a9 col-1\">\n\n<h2 class=\"gb-headline gb-headline-01d439ec gb-headline-text\">Erfaren metrologipartner i V\u00e4rnamo siden 2001.<\/h2>\n\n<\/div>\n\n<div class=\"gb-container gb-container-732cf418 col-2\">\n<div class=\"gb-container gb-container-e8a0d431 no-marg-l\">\n\n<p>Siden 2001 har V\u00e4rnamo M\u00e4tcenter AB arbejdet med kvalitetssikring og avanceret m\u00e5leteknik for industrivirksomheder i Norden. Vi holder til i industriomr\u00e5det Hornaryd i V\u00e4rnamo, hvor fire m\u00e5leteknikere arbejder p\u00e5 fuld tid i moderne lokaler, der er udstyret med den nyeste m\u00e5leteknologi. <\/p>\n\n\n\n<p>Vi samarbejder med b\u00e5de store og sm\u00e5 produktionsvirksomheder, der stiller h\u00f8je krav til n\u00f8jagtighed og dokumenteret kvalitet. Gennem erfaring, pr\u00e6cision og avanceret teknologi kan vi sikre p\u00e5lidelige resultater med korte leveringstider og h\u00f8j tilg\u00e6ngelighed.<\/p>\n\n<\/div>\n\n\n<a class=\"gb-button gb-button-b3ebe7cf gb-button-text\" href=\"https:\/\/www.vmcab.se\/da\/kontakta-oss\/\">Kontakt os p\u00e5<\/a>\n\n<\/div>\n<\/div>\n<\/div>","protected":false},"excerpt":{"rendered":"<p>Kvalitetssikring Kvalitetssikring af komponenter og produkter V\u00e4rnamo M\u00e4tcenter AB tilbyder kvalitetssikring til industrivirksomheder i Sverige og de nordiske lande med fokus p\u00e5 kapacitetsm\u00e5ling og sporbar dokumentation. Drop-out tests og full-cycle tests For at verificere, at serieproduktionen holder samme kvalitet som prototypen eller forserien, udf\u00f8rer vi drop-out tests og full-cycle tests. Under disse m\u00e5linger analyseres et stort antal komponenter for at identificere [...]<\/p>","protected":false},"author":3,"featured_media":0,"parent":11,"menu_order":0,"comment_status":"closed","ping_status":"closed","template":"","meta":{"_acf_changed":true,"footnotes":""},"class_list":["post-1153","page","type-page","status-publish","hentry"],"acf":[],"yoast_head":"<!-- This site is optimized with the Yoast SEO plugin v26.4 - https:\/\/yoast.com\/wordpress\/plugins\/seo\/ -->\n<title>Kvalitetss\u00e4kring | Kapabilitetsm\u00e4tning och utfallsprov | V\u00e4rnamo<\/title>\n<meta name=\"description\" content=\"Kvalitetss\u00e4kring och kapabilitetsm\u00e4tning f\u00f6r industrif\u00f6retag. Verifierar komponenter, utfallsprov och serieproduktion med sp\u00e5rbar noggrannhet.\" \/>\n<meta name=\"robots\" content=\"index, follow, max-snippet:-1, max-image-preview:large, max-video-preview:-1\" \/>\n<link rel=\"canonical\" href=\"https:\/\/www.vmcab.se\/da\/tjanster\/kvalitetssakring\/\" \/>\n<meta property=\"og:locale\" content=\"da_DK\" \/>\n<meta property=\"og:type\" content=\"article\" \/>\n<meta property=\"og:title\" content=\"Kvalitetss\u00e4kring | Kapabilitetsm\u00e4tning och utfallsprov | V\u00e4rnamo\" \/>\n<meta property=\"og:description\" content=\"Kvalitetss\u00e4kring och kapabilitetsm\u00e4tning f\u00f6r industrif\u00f6retag. Verifierar komponenter, utfallsprov och serieproduktion med sp\u00e5rbar noggrannhet.\" \/>\n<meta property=\"og:url\" content=\"https:\/\/www.vmcab.se\/da\/tjanster\/kvalitetssakring\/\" \/>\n<meta property=\"og:site_name\" content=\"V\u00e4rnamo M\u00e4tcenter AB\" \/>\n<meta property=\"article:modified_time\" content=\"2025-11-19T10:44:20+00:00\" \/>\n<meta property=\"og:image\" content=\"https:\/\/www.vmcab.se\/wp-content\/uploads\/2025\/11\/Sg122_Site.webp\" \/>\n\t<meta property=\"og:image:width\" content=\"1201\" \/>\n\t<meta property=\"og:image:height\" content=\"676\" \/>\n\t<meta property=\"og:image:type\" content=\"image\/webp\" \/>\n<meta name=\"twitter:card\" content=\"summary_large_image\" \/>\n<meta name=\"twitter:label1\" content=\"Est. reading time\" \/>\n\t<meta name=\"twitter:data1\" content=\"2 minutter\" \/>\n<script type=\"application\/ld+json\" class=\"yoast-schema-graph\">{\"@context\":\"https:\/\/schema.org\",\"@graph\":[{\"@type\":\"WebPage\",\"@id\":\"https:\/\/www.vmcab.se\/tjanster\/kvalitetssakring\/\",\"url\":\"https:\/\/www.vmcab.se\/tjanster\/kvalitetssakring\/\",\"name\":\"Kvalitetss\u00e4kring | Kapabilitetsm\u00e4tning och utfallsprov | V\u00e4rnamo\",\"isPartOf\":{\"@id\":\"https:\/\/www.vmcab.se\/#website\"},\"datePublished\":\"2025-04-08T13:39:30+00:00\",\"dateModified\":\"2025-11-19T10:44:20+00:00\",\"description\":\"Kvalitetss\u00e4kring och kapabilitetsm\u00e4tning f\u00f6r industrif\u00f6retag. Verifierar komponenter, utfallsprov och serieproduktion med sp\u00e5rbar noggrannhet.\",\"breadcrumb\":{\"@id\":\"https:\/\/www.vmcab.se\/tjanster\/kvalitetssakring\/#breadcrumb\"},\"inLanguage\":\"da-DK\",\"potentialAction\":[{\"@type\":\"ReadAction\",\"target\":[\"https:\/\/www.vmcab.se\/tjanster\/kvalitetssakring\/\"]}]},{\"@type\":\"BreadcrumbList\",\"@id\":\"https:\/\/www.vmcab.se\/tjanster\/kvalitetssakring\/#breadcrumb\",\"itemListElement\":[{\"@type\":\"ListItem\",\"position\":1,\"name\":\"Home\",\"item\":\"https:\/\/www.vmcab.se\/\"},{\"@type\":\"ListItem\",\"position\":2,\"name\":\"Tj\u00e4nster\",\"item\":\"https:\/\/www.vmcab.se\/tjanster\/\"},{\"@type\":\"ListItem\",\"position\":3,\"name\":\"Kvalitetss\u00e4kring\"}]},{\"@type\":\"WebSite\",\"@id\":\"https:\/\/www.vmcab.se\/#website\",\"url\":\"https:\/\/www.vmcab.se\/\",\"name\":\"V\u00e4rnamo M\u00e4tcenter AB\",\"description\":\"\",\"publisher\":{\"@id\":\"https:\/\/www.vmcab.se\/#organization\"},\"potentialAction\":[{\"@type\":\"SearchAction\",\"target\":{\"@type\":\"EntryPoint\",\"urlTemplate\":\"https:\/\/www.vmcab.se\/?s={search_term_string}\"},\"query-input\":{\"@type\":\"PropertyValueSpecification\",\"valueRequired\":true,\"valueName\":\"search_term_string\"}}],\"inLanguage\":\"da-DK\"},{\"@type\":[\"Organization\",\"Place\"],\"@id\":\"https:\/\/www.vmcab.se\/#organization\",\"name\":\"V\u00e4rnamo M\u00e4tcenter AB\",\"url\":\"https:\/\/www.vmcab.se\/\",\"logo\":{\"@id\":\"https:\/\/www.vmcab.se\/tjanster\/kvalitetssakring\/#local-main-organization-logo\"},\"image\":{\"@id\":\"https:\/\/www.vmcab.se\/tjanster\/kvalitetssakring\/#local-main-organization-logo\"},\"address\":{\"@id\":\"https:\/\/www.vmcab.se\/tjanster\/kvalitetssakring\/#local-main-place-address\"},\"geo\":{\"@type\":\"GeoCoordinates\",\"latitude\":\"57.173476947949474\",\"longitude\":\"14.015815860594877\"},\"telephone\":[\"0730224825\"],\"openingHoursSpecification\":[{\"@type\":\"OpeningHoursSpecification\",\"dayOfWeek\":[\"Monday\",\"Tuesday\",\"Wednesday\",\"Thursday\",\"Friday\"],\"opens\":\"07:00\",\"closes\":\"16:00\"},{\"@type\":\"OpeningHoursSpecification\",\"dayOfWeek\":[\"Saturday\",\"Sunday\"],\"opens\":\"00:00\",\"closes\":\"00:00\"}],\"email\":\"info@vmcab.se\"},{\"@type\":\"PostalAddress\",\"@id\":\"https:\/\/www.vmcab.se\/tjanster\/kvalitetssakring\/#local-main-place-address\",\"streetAddress\":\"Repslagarev\u00e4gen 10\",\"addressLocality\":\"V\u00e4rnamo\",\"postalCode\":\"331 53\",\"addressCountry\":\"SE\"},{\"@type\":\"ImageObject\",\"inLanguage\":\"da-DK\",\"@id\":\"https:\/\/www.vmcab.se\/tjanster\/kvalitetssakring\/#local-main-organization-logo\",\"url\":\"https:\/\/www.vmcab.se\/wp-content\/uploads\/2025\/11\/Sg122_org.webp\",\"contentUrl\":\"https:\/\/www.vmcab.se\/wp-content\/uploads\/2025\/11\/Sg122_org.webp\",\"width\":697,\"height\":697,\"caption\":\"V\u00e4rnamo M\u00e4tcenter AB\"}]}<\/script>\n<meta name=\"geo.placename\" content=\"V\u00e4rnamo\" \/>\n<meta name=\"geo.position\" content=\"57.173476947949474;14.015815860594877\" \/>\n<meta name=\"geo.region\" content=\"Sverige\" \/>\n<!-- \/ Yoast SEO plugin. -->","yoast_head_json":{"title":"Kvalitetss\u00e4kring | Kapabilitetsm\u00e4tning och utfallsprov | V\u00e4rnamo","description":"Kvalitetss\u00e4kring och kapabilitetsm\u00e4tning f\u00f6r industrif\u00f6retag. Verifierar komponenter, utfallsprov och serieproduktion med sp\u00e5rbar noggrannhet.","robots":{"index":"index","follow":"follow","max-snippet":"max-snippet:-1","max-image-preview":"max-image-preview:large","max-video-preview":"max-video-preview:-1"},"canonical":"https:\/\/www.vmcab.se\/da\/tjanster\/kvalitetssakring\/","og_locale":"da_DK","og_type":"article","og_title":"Kvalitetss\u00e4kring | Kapabilitetsm\u00e4tning och utfallsprov | V\u00e4rnamo","og_description":"Kvalitetss\u00e4kring och kapabilitetsm\u00e4tning f\u00f6r industrif\u00f6retag. Verifierar komponenter, utfallsprov och serieproduktion med sp\u00e5rbar noggrannhet.","og_url":"https:\/\/www.vmcab.se\/da\/tjanster\/kvalitetssakring\/","og_site_name":"V\u00e4rnamo M\u00e4tcenter AB","article_modified_time":"2025-11-19T10:44:20+00:00","og_image":[{"width":1201,"height":676,"url":"https:\/\/www.vmcab.se\/wp-content\/uploads\/2025\/11\/Sg122_Site.webp","type":"image\/webp"}],"twitter_card":"summary_large_image","twitter_misc":{"Est. reading time":"2 minutter"},"schema":{"@context":"https:\/\/schema.org","@graph":[{"@type":"WebPage","@id":"https:\/\/www.vmcab.se\/tjanster\/kvalitetssakring\/","url":"https:\/\/www.vmcab.se\/tjanster\/kvalitetssakring\/","name":"Kvalitetss\u00e4kring | Kapabilitetsm\u00e4tning och utfallsprov | V\u00e4rnamo","isPartOf":{"@id":"https:\/\/www.vmcab.se\/#website"},"datePublished":"2025-04-08T13:39:30+00:00","dateModified":"2025-11-19T10:44:20+00:00","description":"Kvalitetss\u00e4kring och kapabilitetsm\u00e4tning f\u00f6r industrif\u00f6retag. Verifierar komponenter, utfallsprov och serieproduktion med sp\u00e5rbar noggrannhet.","breadcrumb":{"@id":"https:\/\/www.vmcab.se\/tjanster\/kvalitetssakring\/#breadcrumb"},"inLanguage":"da-DK","potentialAction":[{"@type":"ReadAction","target":["https:\/\/www.vmcab.se\/tjanster\/kvalitetssakring\/"]}]},{"@type":"BreadcrumbList","@id":"https:\/\/www.vmcab.se\/tjanster\/kvalitetssakring\/#breadcrumb","itemListElement":[{"@type":"ListItem","position":1,"name":"Home","item":"https:\/\/www.vmcab.se\/"},{"@type":"ListItem","position":2,"name":"Tj\u00e4nster","item":"https:\/\/www.vmcab.se\/tjanster\/"},{"@type":"ListItem","position":3,"name":"Kvalitetss\u00e4kring"}]},{"@type":"WebSite","@id":"https:\/\/www.vmcab.se\/#website","url":"https:\/\/www.vmcab.se\/","name":"V\u00e4rnamo M\u00e4tcenter AB","description":"","publisher":{"@id":"https:\/\/www.vmcab.se\/#organization"},"potentialAction":[{"@type":"SearchAction","target":{"@type":"EntryPoint","urlTemplate":"https:\/\/www.vmcab.se\/?s={search_term_string}"},"query-input":{"@type":"PropertyValueSpecification","valueRequired":true,"valueName":"search_term_string"}}],"inLanguage":"da-DK"},{"@type":["Organization","Place"],"@id":"https:\/\/www.vmcab.se\/#organization","name":"V\u00e4rnamo M\u00e4tcenter AB","url":"https:\/\/www.vmcab.se\/","logo":{"@id":"https:\/\/www.vmcab.se\/tjanster\/kvalitetssakring\/#local-main-organization-logo"},"image":{"@id":"https:\/\/www.vmcab.se\/tjanster\/kvalitetssakring\/#local-main-organization-logo"},"address":{"@id":"https:\/\/www.vmcab.se\/tjanster\/kvalitetssakring\/#local-main-place-address"},"geo":{"@type":"GeoCoordinates","latitude":"57.173476947949474","longitude":"14.015815860594877"},"telephone":["0730224825"],"openingHoursSpecification":[{"@type":"OpeningHoursSpecification","dayOfWeek":["Monday","Tuesday","Wednesday","Thursday","Friday"],"opens":"07:00","closes":"16:00"},{"@type":"OpeningHoursSpecification","dayOfWeek":["Saturday","Sunday"],"opens":"00:00","closes":"00:00"}],"email":"info@vmcab.se"},{"@type":"PostalAddress","@id":"https:\/\/www.vmcab.se\/tjanster\/kvalitetssakring\/#local-main-place-address","streetAddress":"Repslagarev\u00e4gen 10","addressLocality":"V\u00e4rnamo","postalCode":"331 53","addressCountry":"SE"},{"@type":"ImageObject","inLanguage":"da-DK","@id":"https:\/\/www.vmcab.se\/tjanster\/kvalitetssakring\/#local-main-organization-logo","url":"https:\/\/www.vmcab.se\/wp-content\/uploads\/2025\/11\/Sg122_org.webp","contentUrl":"https:\/\/www.vmcab.se\/wp-content\/uploads\/2025\/11\/Sg122_org.webp","width":697,"height":697,"caption":"V\u00e4rnamo M\u00e4tcenter AB"}]},"geo.placename":"V\u00e4rnamo","geo.position":{"lat":"57.173476947949474","long":"14.015815860594877"},"geo.region":"Sverige"},"_links":{"self":[{"href":"https:\/\/www.vmcab.se\/da\/wp-json\/wp\/v2\/pages\/1153","targetHints":{"allow":["GET"]}}],"collection":[{"href":"https:\/\/www.vmcab.se\/da\/wp-json\/wp\/v2\/pages"}],"about":[{"href":"https:\/\/www.vmcab.se\/da\/wp-json\/wp\/v2\/types\/page"}],"author":[{"embeddable":true,"href":"https:\/\/www.vmcab.se\/da\/wp-json\/wp\/v2\/users\/3"}],"replies":[{"embeddable":true,"href":"https:\/\/www.vmcab.se\/da\/wp-json\/wp\/v2\/comments?post=1153"}],"version-history":[{"count":0,"href":"https:\/\/www.vmcab.se\/da\/wp-json\/wp\/v2\/pages\/1153\/revisions"}],"up":[{"embeddable":true,"href":"https:\/\/www.vmcab.se\/da\/wp-json\/wp\/v2\/pages\/11"}],"wp:attachment":[{"href":"https:\/\/www.vmcab.se\/da\/wp-json\/wp\/v2\/media?parent=1153"}],"curies":[{"name":"wp","href":"https:\/\/api.w.org\/{rel}","templated":true}]}}